{"id":1716,"date":"2024-10-20T11:02:55","date_gmt":"2024-10-20T09:02:55","guid":{"rendered":"https:\/\/newinprague.cz\/videa"},"modified":"2025-03-18T09:05:06","modified_gmt":"2025-03-18T08:05:06","slug":"videa","status":"publish","type":"page","link":"https:\/\/newinprague.cz\/vi\/videa","title":{"rendered":"Video"},"content":{"rendered":"\n<p style=\"font-size:clamp(0.875rem, 0.875rem + ((1vw - 0.2rem) * 0.625), 1.25rem);\">Ch\u00fang t\u00f4i \u0111\u00e3 chu\u1ea9n b\u1ecb m\u1ed9t chu\u1ed7i s\u00e1u video ng\u1eafn d\u00e0nh cho ng\u01b0\u1eddi n\u01b0\u1edbc ngo\u00e0i v\u1edbi nh\u1eefng th\u00f4ng tin h\u1eefu \u00edch v\u1ec1 cu\u1ed9c s\u1ed1ng \u1edf Praha v\u00e0 gi\u1ea3i ph\u00e1p cho c\u00e1c t\u00ecnh hu\u1ed1ng cu\u1ed9c s\u1ed1ng kh\u00e1c nhau.<\/p>\n\n<div class=\"wp-block-group alignwide has-global-padding is-layout-constrained wp-block-group-is-layout-constrained\">\n<div class=\"wp-block-columns alignwide is-layout-flex wp-container-core-columns-is-layout-658170e2 wp-block-columns-is-layout-flex\">\n<div class=\"wp-block-column is-layout-flow wp-container-core-column-is-layout-a77db08e wp-block-column-is-layout-flow\">\n<iframe class=\"responsive-iframe\" src=\"https:\/\/www.youtube-nocookie.com\/embed\/mnraCn0OeHY?si=dl2paD0joTbIUvNn\" title=\"YouTube video player\" frameborder=\"0\" allow=\"accelerometer; autoplay; clipboard-write; encrypted-media; gyroscope; picture-in-picture; web-share\" referrerpolicy=\"strict-origin-when-cross-origin\" allowfullscreen=\"\"><\/iframe>\n\n\n\n<h5 class=\"wp-block-heading\" style=\"padding-top:var(--wp--preset--spacing--10);padding-bottom:var(--wp--preset--spacing--10)\">Gi\u00e1o d\u1ee5c<\/h5>\n<\/div>\n\n\n\n<div class=\"wp-block-column is-layout-flow wp-container-core-column-is-layout-8a368f38 wp-block-column-is-layout-flow\">\n<iframe class=\"responsive-iframe\" src=\"https:\/\/www.youtube-nocookie.com\/embed\/hvMF0mEBCds?si=-u-yvoiVQSshSje6\" title=\"YouTube video player\" frameborder=\"0\" allow=\"accelerometer; autoplay; clipboard-write; encrypted-media; gyroscope; picture-in-picture; web-share\" referrerpolicy=\"strict-origin-when-cross-origin\" allowfullscreen=\"\"><\/iframe>\n\n\n\n<h5 class=\"wp-block-heading\" style=\"padding-top:var(--wp--preset--spacing--10);padding-bottom:var(--wp--preset--spacing--10)\">Gi\u1ea5y ph\u00e9p kinh doanh<\/h5>\n<\/div>\n\n\n\n<div class=\"wp-block-column is-layout-flow wp-container-core-column-is-layout-8a368f38 wp-block-column-is-layout-flow\">\n<iframe class=\"responsive-iframe\" src=\"https:\/\/www.youtube-nocookie.com\/embed\/mgHxi0Xkn-g?si=KJWev6f34Lp4hOru\" title=\"YouTube video player\" frameborder=\"0\" allow=\"accelerometer; autoplay; clipboard-write; encrypted-media; gyroscope; picture-in-picture; web-share\" referrerpolicy=\"strict-origin-when-cross-origin\" allowfullscreen=\"\"><\/iframe>\n\n\n\n<h5 class=\"wp-block-heading\" style=\"padding-top:var(--wp--preset--spacing--10);padding-bottom:var(--wp--preset--spacing--10)\">T\u00f2a th\u1ecb ch\u00ednh th\u1ee7 \u0111\u00f4 Praha  <\/h5>\n<\/div>\n<\/div>\n\n\n\n<div class=\"wp-block-columns alignwide is-layout-flex wp-container-core-columns-is-layout-658170e2 wp-block-columns-is-layout-flex\">\n<div class=\"wp-block-column is-layout-flow wp-container-core-column-is-layout-8a368f38 wp-block-column-is-layout-flow\" style=\"border-style:none;border-width:0px\">\n<iframe class=\"responsive-iframe\" src=\"https:\/\/www.youtube-nocookie.com\/embed\/XLxuOULOWr0?si=w08beHTK9y7Yjk1F\" title=\"YouTube video player\" frameborder=\"0\" allow=\"accelerometer; autoplay; clipboard-write; encrypted-media; gyroscope; picture-in-picture; web-share\" referrerpolicy=\"strict-origin-when-cross-origin\" allowfullscreen=\"\"><\/iframe>\n\n\n\n<h5 class=\"wp-block-heading\" style=\"padding-top:var(--wp--preset--spacing--10);padding-bottom:var(--wp--preset--spacing--10)\">Gi\u1ea5y ph\u00e9p l\u00e1i xe<\/h5>\n<\/div>\n\n\n\n<div class=\"wp-block-column is-layout-flow wp-container-core-column-is-layout-8a368f38 wp-block-column-is-layout-flow\" style=\"border-style:none;border-width:0px\">\n<iframe class=\"responsive-iframe\" src=\"https:\/\/www.youtube-nocookie.com\/embed\/ipZgsNSfoDE?si=lX4i5tC5mTA5Jiql\" title=\"YouTube video player\" frameborder=\"0\" allow=\"accelerometer; autoplay; clipboard-write; encrypted-media; gyroscope; picture-in-picture; web-share\" referrerpolicy=\"strict-origin-when-cross-origin\" allowfullscreen=\"\"><\/iframe>\n\n\n\n<h5 class=\"wp-block-heading\" style=\"padding-top:var(--wp--preset--spacing--10);padding-bottom:var(--wp--preset--spacing--10)\">Ho\u1ea1t \u0111\u1ed9ng gi\u1ea3i tr\u00ed: b\u1ea3o t\u00e0ng v\u00e0 ph\u00f2ng tr\u01b0ng b\u00e0y<\/h5>\n<\/div>\n\n\n\n<div class=\"wp-block-column is-layout-flow wp-container-core-column-is-layout-8a368f38 wp-block-column-is-layout-flow\" style=\"border-style:none;border-width:0px\">\n<iframe class=\"responsive-iframe\" src=\"https:\/\/www.youtube-nocookie.com\/embed\/cBVKxgSeDDI?si=WytUjOYEU_9tZzst\" title=\"YouTube video player\" frameborder=\"0\" allow=\"accelerometer; autoplay; clipboard-write; encrypted-media; gyroscope; picture-in-picture; web-share\" referrerpolicy=\"strict-origin-when-cross-origin\" allowfullscreen=\"\"><\/iframe>\n\n\n\n<h5 class=\"wp-block-heading\" style=\"padding-top:var(--wp--preset--spacing--10);padding-bottom:var(--wp--preset--spacing--10)\">Ho\u1ea1t \u0111\u1ed9ng gi\u1ea3i tr\u00ed: cung thi\u1ebfu nhi v\u00e0 th\u01b0 vi\u1ec7n<\/h5>\n<\/div>\n<\/div>\n<\/div>\n\n<div class=\"wp-block-group alert info is-nowrap is-layout-flex wp-container-core-group-is-layout-6c531013 wp-block-group-is-layout-flex\">\n<p class=\"icon\">info<\/p>\n\n\n\n<p>C\u00e1c video c\u00f3 ph\u1ee5 \u0111\u1ec1 trong ti\u1ebfng S\u00e9c, ti\u1ebfng Anh, ti\u1ebfng Ukraine, ti\u1ebfng Nga v\u00e0 ti\u1ebfng Vi\u1ec7t &#8211; ch\u1ec9 c\u1ea7n ch\u1ecdn ng\u00f4n ng\u1eef mong mu\u1ed1n tr\u1ef1c ti\u1ebfp trong ph\u1ea7n c\u00e0i \u0111\u1eb7t video tr\u00ean YouTube (b\u00e1nh r\u0103ng \u1edf ph\u00eda d\u01b0\u1edbi b\u00ean ph\u1ea3i).<\/p>\n<\/div>\n","protected":false},"excerpt":{"rendered":"<p>Ch\u00fang t\u00f4i \u0111\u00e3 chu\u1ea9n b\u1ecb m\u1ed9t chu\u1ed7i s\u00e1u video ng\u1eafn d\u00e0nh cho ng\u01b0\u1eddi n\u01b0\u1edbc ngo\u00e0i v\u1edbi nh\u1eefng th\u00f4ng tin h\u1eefu \u00edch v\u1ec1 cu\u1ed9c s\u1ed1ng \u1edf Praha v\u00e0 gi\u1ea3i ph\u00e1p cho c\u00e1c t\u00ecnh hu\u1ed1ng cu\u1ed9c s\u1ed1ng kh\u00e1c nhau. Gi\u00e1o d\u1ee5c Gi\u1ea5y ph\u00e9p kinh doanh T\u00f2a th\u1ecb ch\u00ednh th\u1ee7 \u0111\u00f4 Praha Gi\u1ea5y ph\u00e9p l\u00e1i xe Ho\u1ea1t \u0111\u1ed9ng [&hellip;]<\/p>\n","protected":false},"author":1,"featured_media":1714,"parent":0,"menu_order":1,"comment_status":"closed","ping_status":"closed","template":"wp-custom-template-str-nky-irok","meta":{"footnotes":""},"class_list":["post-1716","page","type-page","status-publish","has-post-thumbnail","hentry"],"_links":{"self":[{"href":"https:\/\/newinprague.cz\/vi\/wp-json\/wp\/v2\/pages\/1716","targetHints":{"allow":["GET"]}}],"collection":[{"href":"https:\/\/newinprague.cz\/vi\/wp-json\/wp\/v2\/pages"}],"about":[{"href":"https:\/\/newinprague.cz\/vi\/wp-json\/wp\/v2\/types\/page"}],"author":[{"embeddable":true,"href":"https:\/\/newinprague.cz\/vi\/wp-json\/wp\/v2\/users\/1"}],"replies":[{"embeddable":true,"href":"https:\/\/newinprague.cz\/vi\/wp-json\/wp\/v2\/comments?post=1716"}],"version-history":[{"count":2,"href":"https:\/\/newinprague.cz\/vi\/wp-json\/wp\/v2\/pages\/1716\/revisions"}],"predecessor-version":[{"id":2634,"href":"https:\/\/newinprague.cz\/vi\/wp-json\/wp\/v2\/pages\/1716\/revisions\/2634"}],"wp:featuredmedia":[{"embeddable":true,"href":"https:\/\/newinprague.cz\/vi\/wp-json\/wp\/v2\/media\/1714"}],"wp:attachment":[{"href":"https:\/\/newinprague.cz\/vi\/wp-json\/wp\/v2\/media?parent=1716"}],"curies":[{"name":"wp","href":"https:\/\/api.w.org\/{rel}","templated":true}]}}